{"id":137,"date":"2023-10-05T15:14:32","date_gmt":"2023-10-05T18:14:32","guid":{"rendered":"https:\/\/fpolimentos.com.br\/?page_id=137"},"modified":"2023-10-06T08:51:09","modified_gmt":"2023-10-06T11:51:09","slug":"em-construcao-novidades-em-breve","status":"publish","type":"page","link":"https:\/\/fpolimentos.com.br\/index.php\/em-construcao-novidades-em-breve\/","title":{"rendered":"| Em Constru\u00e7\u00e3o | Novidades em Breve!"},"content":{"rendered":"\t\t<div data-elementor-type=\"wp-page\" data-elementor-id=\"137\" class=\"elementor elementor-137\">\n\t\t\t\t\t\t\t\t\t<section class=\"has_ae_slider elementor-section elementor-top-section elementor-element elementor-element-xevizv0 elementor-section-content-middle elementor-section-boxed elementor-section-height-default elementor-section-height-default ae-bg-gallery-type-default\" data-id=\"xevizv0\" data-element_type=\"section\" data-settings=\"{&quot;background_background&quot;:&quot;classic&quot;}\">\n\t\t\t\t\t\t<div class=\"elementor-container elementor-column-gap-no\">\n\t\t\t\t\t<div class=\"has_ae_slider elementor-column elementor-col-50 elementor-top-column elementor-element elementor-element-6dd492b ae-bg-gallery-type-default\" data-id=\"6dd492b\" data-element_type=\"column\" data-settings=\"{&quot;animation_mobile&quot;:&quot;fadeInUp&quot;}\">\n\t\t\t<div class=\"elementor-widget-wrap elementor-element-populated\">\n\t\t\t\t\t\t\t\t<div class=\"elementor-element elementor-element-c9a7b00 elementor-widget elementor-widget-heading\" data-id=\"c9a7b00\" data-element_type=\"widget\" data-widget_type=\"heading.default\">\n\t\t\t\t<div class=\"elementor-widget-container\">\n\t\t\t<style>\/*! elementor - v3.16.0 - 20-09-2023 *\/\n.elementor-heading-title{padding:0;margin:0;line-height:1}.elementor-widget-heading .elementor-heading-title[class*=elementor-size-]>a{color:inherit;font-size:inherit;line-height:inherit}.elementor-widget-heading .elementor-heading-title.elementor-size-small{font-size:15px}.elementor-widget-heading .elementor-heading-title.elementor-size-medium{font-size:19px}.elementor-widget-heading .elementor-heading-title.elementor-size-large{font-size:29px}.elementor-widget-heading .elementor-heading-title.elementor-size-xl{font-size:39px}.elementor-widget-heading .elementor-heading-title.elementor-size-xxl{font-size:59px}<\/style><h1 class=\"elementor-heading-title elementor-size-default\">Em Constru\u00e7\u00e3o <br>Novidades em Breve!<\/h1>\t\t<\/div>\n\t\t\t\t<\/div>\n\t\t\t\t<div class=\"elementor-element elementor-element-494b65d elementor-widget elementor-widget-text-editor\" data-id=\"494b65d\" data-element_type=\"widget\" data-widget_type=\"text-editor.default\">\n\t\t\t\t<div class=\"elementor-widget-container\">\n\t\t\t<style>\/*! elementor - v3.16.0 - 20-09-2023 *\/\n.elementor-widget-text-editor.elementor-drop-cap-view-stacked .elementor-drop-cap{background-color:#69727d;color:#fff}.elementor-widget-text-editor.elementor-drop-cap-view-framed .elementor-drop-cap{color:#69727d;border:3px solid;background-color:transparent}.elementor-widget-text-editor:not(.elementor-drop-cap-view-default) .elementor-drop-cap{margin-top:8px}.elementor-widget-text-editor:not(.elementor-drop-cap-view-default) .elementor-drop-cap-letter{width:1em;height:1em}.elementor-widget-text-editor .elementor-drop-cap{float:left;text-align:center;line-height:1;font-size:50px}.elementor-widget-text-editor .elementor-drop-cap-letter{display:inline-block}<\/style>\t\t\t\t<p>Estamos trabalhando arduamente para melhorar sua experi\u00eancia.<\/p><p>O site da F Polimentos est\u00e1 passando por atualiza\u00e7\u00f5es e em breve teremos novidades emocionantes para compartilhar com voc\u00ea.<\/p><p>Enquanto isso, voc\u00ea pode entrar em contato conosco diretamente para obter informa\u00e7\u00f5es e or\u00e7amentos.<\/p><p>Agradecemos por sua compreens\u00e3o e paci\u00eancia.<\/p><p>Estamos ansiosos para atend\u00ea-lo em breve!<\/p>\t\t\t\t\t\t<\/div>\n\t\t\t\t<\/div>\n\t\t\t\t<div class=\"elementor-element elementor-element-2b2bdd5 elementor-align-center elementor-button-info bdt-reveal-preload bdt-reveal-effects-yes elementor-widget elementor-widget-button\" data-id=\"2b2bdd5\" data-element_type=\"widget\" data-settings=\"{&quot;ep_notation_list&quot;:[{&quot;_id&quot;:&quot;3058955&quot;,&quot;ep_notation_bracket_on&quot;:null,&quot;ep_notation_type&quot;:&quot;highlight&quot;,&quot;ep_notation_color&quot;:&quot;#61CE70&quot;,&quot;ep_notation_anim_duration&quot;:{&quot;unit&quot;:&quot;px&quot;,&quot;size&quot;:1750,&quot;sizes&quot;:[]},&quot;ep_notation_stroke_width&quot;:{&quot;unit&quot;:&quot;px&quot;,&quot;size&quot;:2,&quot;sizes&quot;:[]},&quot;__globals__&quot;:{&quot;ep_notation_color&quot;:&quot;&quot;},&quot;ep_notation_select_type&quot;:&quot;widget&quot;,&quot;ep_notation_custom_selector&quot;:null,&quot;ep_notation_waypoint_offset&quot;:&quot;&quot;}],&quot;ep_notation_active&quot;:&quot;yes&quot;,&quot;element_pack_reveal_effects_enable&quot;:&quot;yes&quot;,&quot;element_pack_reveal_effects_easing&quot;:&quot;easeOutExpo&quot;,&quot;element_pack_reveal_effects_speed&quot;:{&quot;unit&quot;:&quot;px&quot;,&quot;size&quot;:7.5,&quot;sizes&quot;:[]},&quot;element_pack_reveal_effects_color&quot;:&quot;#6EC1E4&quot;,&quot;element_pack_reveal_effects_direction&quot;:&quot;lr&quot;}\" style=\"--ep-reveal-effects-init: 0;\" data-nnn=\"#6EC1E4\" data-widget_type=\"button.default\">\n\t\t\t\t<div class=\"elementor-widget-container\">\n\t\t\t\t\t<div class=\"elementor-button-wrapper\">\n\t\t\t<a class=\"elementor-button elementor-button-link elementor-size-md\" href=\"https:\/\/wa.link\/q58jub\">\n\t\t\t\t\t\t<span class=\"elementor-button-content-wrapper\">\n\t\t\t\t\t\t<span class=\"elementor-button-icon elementor-align-icon-left\">\n\t\t\t\t<i aria-hidden=\"true\" class=\"fab fa-whatsapp\"><\/i>\t\t\t<\/span>\n\t\t\t\t\t\t<span class=\"elementor-button-text\">Entre em Contato<\/span>\n\t\t<\/span>\n\t\t\t\t\t<\/a>\n\t\t<\/div>\n\t\t\t\t<\/div>\n\t\t\t\t<\/div>\n\t\t\t\t\t<\/div>\n\t\t<\/div>\n\t\t\t\t<div class=\"has_ae_slider elementor-column elementor-col-50 elementor-top-column elementor-element elementor-element-9230439 ae-bg-gallery-type-default\" data-id=\"9230439\" data-element_type=\"column\">\n\t\t\t<div class=\"elementor-widget-wrap elementor-element-populated\">\n\t\t\t\t\t\t\t\t<div class=\"elementor-element elementor-element-a07bd8d elementor-widget elementor-widget-image\" data-id=\"a07bd8d\" data-element_type=\"widget\" data-settings=\"{&quot;_animation_mobile&quot;:&quot;fadeInUp&quot;}\" data-widget_type=\"image.default\">\n\t\t\t\t<div class=\"elementor-widget-container\">\n\t\t\t<style>\/*! elementor - v3.16.0 - 20-09-2023 *\/\n.elementor-widget-image{text-align:center}.elementor-widget-image a{display:inline-block}.elementor-widget-image a img[src$=\".svg\"]{width:48px}.elementor-widget-image img{vertical-align:middle;display:inline-block}<\/style>\t\t\t\t\t\t\t\t\t\t\t\t\t<a href=\"https:\/\/wa.link\/q58jub\">\n\t\t\t\t\t\t\t<img loading=\"lazy\" decoding=\"async\" width=\"500\" height=\"500\" src=\"https:\/\/fpolimentos.com.br\/wp-content\/uploads\/2023\/10\/Escolhido-2.png\" class=\"attachment-medium_large size-medium_large wp-image-8\" alt=\"\" srcset=\"https:\/\/fpolimentos.com.br\/wp-content\/uploads\/2023\/10\/Escolhido-2.png 500w, https:\/\/fpolimentos.com.br\/wp-content\/uploads\/2023\/10\/Escolhido-2-300x300.png 300w, https:\/\/fpolimentos.com.br\/wp-content\/uploads\/2023\/10\/Escolhido-2-150x150.png 150w\" sizes=\"(max-width: 500px) 100vw, 500px\" \/>\t\t\t\t\t\t\t\t<\/a>\n\t\t\t\t\t\t\t\t\t\t\t\t\t\t\t<\/div>\n\t\t\t\t<\/div>\n\t\t\t\t\t<\/div>\n\t\t<\/div>\n\t\t\t\t\t\t\t<\/div>\n\t\t<\/section>\n\t\t<div class=\"has_ae_slider elementor-element elementor-element-4fc935b e-flex e-con-boxed ae-bg-gallery-type-default e-con e-parent\" data-id=\"4fc935b\" data-element_type=\"container\" data-settings=\"{&quot;background_background&quot;:&quot;classic&quot;,&quot;content_width&quot;:&quot;boxed&quot;}\" data-core-v316-plus=\"true\">\n\t\t\t\t\t<div class=\"e-con-inner\">\n\t\t<div class=\"has_ae_slider elementor-element elementor-element-1eef761 e-con-full e-flex ae-bg-gallery-type-default e-con e-child\" data-id=\"1eef761\" data-element_type=\"container\" data-settings=\"{&quot;animation_mobile&quot;:&quot;fadeInUp&quot;,&quot;content_width&quot;:&quot;full&quot;}\">\n\t\t\t\t<div class=\"elementor-element elementor-element-60e90f5 elementor-widget elementor-widget-heading\" data-id=\"60e90f5\" data-element_type=\"widget\" data-widget_type=\"heading.default\">\n\t\t\t\t<div class=\"elementor-widget-container\">\n\t\t\t<h1 class=\"elementor-heading-title elementor-size-default\">Em Constru\u00e7\u00e3o <br>Novidades em Breve!<\/h1>\t\t<\/div>\n\t\t\t\t<\/div>\n\t\t\t\t<div class=\"elementor-element elementor-element-2985ea0 elementor-widget elementor-widget-text-editor\" data-id=\"2985ea0\" data-element_type=\"widget\" data-widget_type=\"text-editor.default\">\n\t\t\t\t<div class=\"elementor-widget-container\">\n\t\t\t\t\t\t\t<p>Estamos trabalhando arduamente para melhorar sua experi\u00eancia.<\/p><p>O site da F Polimentos est\u00e1 passando por atualiza\u00e7\u00f5es e em breve teremos novidades emocionantes para compartilhar com voc\u00ea.<\/p><p>Enquanto isso, voc\u00ea pode entrar em contato conosco diretamente para obter informa\u00e7\u00f5es e or\u00e7amentos.<\/p><p>Agradecemos por sua compreens\u00e3o e paci\u00eancia.<\/p><p>Estamos ansiosos para atend\u00ea-lo em breve!<\/p>\t\t\t\t\t\t<\/div>\n\t\t\t\t<\/div>\n\t\t\t\t<div class=\"elementor-element elementor-element-117142b elementor-align-center elementor-button-info bdt-reveal-preload bdt-reveal-effects-yes elementor-widget elementor-widget-button\" data-id=\"117142b\" data-element_type=\"widget\" data-settings=\"{&quot;ep_notation_list&quot;:[{&quot;_id&quot;:&quot;3058955&quot;,&quot;ep_notation_bracket_on&quot;:null,&quot;ep_notation_type&quot;:&quot;highlight&quot;,&quot;ep_notation_color&quot;:&quot;#61CE70&quot;,&quot;ep_notation_anim_duration&quot;:{&quot;unit&quot;:&quot;px&quot;,&quot;size&quot;:1750,&quot;sizes&quot;:[]},&quot;ep_notation_stroke_width&quot;:{&quot;unit&quot;:&quot;px&quot;,&quot;size&quot;:2,&quot;sizes&quot;:[]},&quot;__globals__&quot;:{&quot;ep_notation_color&quot;:&quot;&quot;},&quot;ep_notation_select_type&quot;:&quot;widget&quot;,&quot;ep_notation_custom_selector&quot;:null,&quot;ep_notation_waypoint_offset&quot;:&quot;&quot;}],&quot;ep_notation_active&quot;:&quot;yes&quot;,&quot;element_pack_reveal_effects_enable&quot;:&quot;yes&quot;,&quot;element_pack_reveal_effects_easing&quot;:&quot;easeOutExpo&quot;,&quot;element_pack_reveal_effects_speed&quot;:{&quot;unit&quot;:&quot;px&quot;,&quot;size&quot;:7.5,&quot;sizes&quot;:[]},&quot;element_pack_reveal_effects_color&quot;:&quot;#6EC1E4&quot;,&quot;element_pack_reveal_effects_direction&quot;:&quot;lr&quot;}\" style=\"--ep-reveal-effects-init: 0;\" data-nnn=\"#6EC1E4\" data-widget_type=\"button.default\">\n\t\t\t\t<div class=\"elementor-widget-container\">\n\t\t\t\t\t<div class=\"elementor-button-wrapper\">\n\t\t\t<a class=\"elementor-button elementor-button-link elementor-size-md\" href=\"https:\/\/wa.link\/q58jub\">\n\t\t\t\t\t\t<span class=\"elementor-button-content-wrapper\">\n\t\t\t\t\t\t<span class=\"elementor-button-icon elementor-align-icon-left\">\n\t\t\t\t<i aria-hidden=\"true\" class=\"fab fa-whatsapp\"><\/i>\t\t\t<\/span>\n\t\t\t\t\t\t<span class=\"elementor-button-text\">Entre em Contato<\/span>\n\t\t<\/span>\n\t\t\t\t\t<\/a>\n\t\t<\/div>\n\t\t\t\t<\/div>\n\t\t\t\t<\/div>\n\t\t\t\t<\/div>\n\t\t<div class=\"has_ae_slider elementor-element elementor-element-5b160a8 e-con-full e-flex ae-bg-gallery-type-default e-con e-child\" data-id=\"5b160a8\" data-element_type=\"container\" data-settings=\"{&quot;content_width&quot;:&quot;full&quot;}\">\n\t\t\t\t<div class=\"elementor-element elementor-element-0a99bce elementor-widget elementor-widget-image\" data-id=\"0a99bce\" data-element_type=\"widget\" data-settings=\"{&quot;_animation_mobile&quot;:&quot;fadeInUp&quot;}\" data-widget_type=\"image.default\">\n\t\t\t\t<div class=\"elementor-widget-container\">\n\t\t\t\t\t\t\t\t\t\t\t\t\t\t\t\t<a href=\"https:\/\/wa.link\/q58jub\">\n\t\t\t\t\t\t\t<img loading=\"lazy\" decoding=\"async\" width=\"500\" height=\"500\" src=\"https:\/\/fpolimentos.com.br\/wp-content\/uploads\/2023\/10\/Escolhido-2.png\" class=\"attachment-medium_large size-medium_large wp-image-8\" alt=\"\" srcset=\"https:\/\/fpolimentos.com.br\/wp-content\/uploads\/2023\/10\/Escolhido-2.png 500w, https:\/\/fpolimentos.com.br\/wp-content\/uploads\/2023\/10\/Escolhido-2-300x300.png 300w, https:\/\/fpolimentos.com.br\/wp-content\/uploads\/2023\/10\/Escolhido-2-150x150.png 150w\" sizes=\"(max-width: 500px) 100vw, 500px\" \/>\t\t\t\t\t\t\t\t<\/a>\n\t\t\t\t\t\t\t\t\t\t\t\t\t\t\t<\/div>\n\t\t\t\t<\/div>\n\t\t\t\t<\/div>\n\t\t\t\t\t<\/div>\n\t\t\t\t<\/div>\n\t\t\t\t\t\t\t<\/div>\n\t\t","protected":false},"excerpt":{"rendered":"<p>Em Constru\u00e7\u00e3o Novidades em Breve! Estamos trabalhando arduamente para melhorar sua experi\u00eancia. O site da F Polimentos est\u00e1 passando por atualiza\u00e7\u00f5es e em breve teremos novidades emocionantes para compartilhar com voc\u00ea. Enquanto isso, voc\u00ea pode entrar em contato conosco diretamente para obter informa\u00e7\u00f5es e or\u00e7amentos. Agradecemos por sua compreens\u00e3o e paci\u00eancia. Estamos ansiosos para atend\u00ea-lo &hellip;<\/p>\n<p class=\"read-more\"> <a class=\"\" href=\"https:\/\/fpolimentos.com.br\/index.php\/em-construcao-novidades-em-breve\/\"> <span class=\"screen-reader-text\">| Em Constru\u00e7\u00e3o | Novidades em Breve!<\/span> Leia mais &raquo;<\/a><\/p>\n","protected":false},"author":1,"featured_media":0,"parent":0,"menu_order":0,"comment_status":"closed","ping_status":"closed","template":"","meta":{"site-sidebar-layout":"no-sidebar","site-content-layout":"","ast-site-content-layout":"full-width-container","site-content-style":"default","site-sidebar-style":"default","ast-global-header-display":"disabled","ast-banner-title-visibility":"","ast-main-header-display":"","ast-hfb-above-header-display":"","ast-hfb-below-header-display":"","ast-hfb-mobile-header-display":"","site-post-title":"disabled","ast-breadcrumbs-content":"","ast-featured-img":"disabled","footer-sml-layout":"","theme-transparent-header-meta":"","adv-header-id-meta":"","stick-header-meta":"","header-above-stick-meta":"","header-main-stick-meta":"","header-below-stick-meta":"","astra-migrate-meta-layouts":"","footnotes":""},"class_list":["post-137","page","type-page","status-publish","hentry"],"aioseo_notices":[],"_links":{"self":[{"href":"https:\/\/fpolimentos.com.br\/index.php\/wp-json\/wp\/v2\/pages\/137"}],"collection":[{"href":"https:\/\/fpolimentos.com.br\/index.php\/wp-json\/wp\/v2\/pages"}],"about":[{"href":"https:\/\/fpolimentos.com.br\/index.php\/wp-json\/wp\/v2\/types\/page"}],"author":[{"embeddable":true,"href":"https:\/\/fpolimentos.com.br\/index.php\/wp-json\/wp\/v2\/users\/1"}],"replies":[{"embeddable":true,"href":"https:\/\/fpolimentos.com.br\/index.php\/wp-json\/wp\/v2\/comments?post=137"}],"version-history":[{"count":19,"href":"https:\/\/fpolimentos.com.br\/index.php\/wp-json\/wp\/v2\/pages\/137\/revisions"}],"predecessor-version":[{"id":164,"href":"https:\/\/fpolimentos.com.br\/index.php\/wp-json\/wp\/v2\/pages\/137\/revisions\/164"}],"wp:attachment":[{"href":"https:\/\/fpolimentos.com.br\/index.php\/wp-json\/wp\/v2\/media?parent=137"}],"curies":[{"name":"wp","href":"https:\/\/api.w.org\/{rel}","templated":true}]}}